{"id":651,"date":"2023-10-06T08:45:48","date_gmt":"2023-10-06T08:45:48","guid":{"rendered":"https:\/\/www.on-dg.de\/?page_id=651"},"modified":"2026-03-11T09:45:54","modified_gmt":"2026-03-11T09:45:54","slug":"kontakt","status":"publish","type":"page","link":"https:\/\/www.on-dg.de\/en\/kontakt\/","title":{"rendered":"KONTAKT"},"content":{"rendered":"<h1><strong>Kontakt<\/strong><\/h1>\n<div>\n<p>Im pers\u00f6nlichen Gespr\u00e4ch lassen sich<br \/>viele Fragen direkt kl\u00e4ren und wir finden<br \/>gemeinsam heraus, ob deine Herausforderung<br \/>zu unseren L\u00f6sungen passt.<\/p>\n<p><span class=\"ui-provider cbw cbx c d e f g h i j k l m n o p q r s t cby cbz w x y z ab ac ae af ag ah ai aj ak\" dir=\"ltr\">+49 (0) 221 45088072<\/span><br \/><a href=\"mailto:office@on-dg.de\">office@on-dg.de<\/a><\/p>\n<\/p>\n<\/div>\n<ul>\n<li><a href=\"https:\/\/www.linkedin.com\/company\/on.developmentgroup\/\">linkedin<\/a>\n<\/li>\n<\/ul>\n<h2><strong>Kontaktdaten eintragen <\/strong><strong>und zur\u00fcck lehnen \u2013 wir <\/strong><strong>melden uns z\u00fcgig bei Dir!<\/strong><\/h2>\n<p><>Name<\/><\/p>\n<p><>E-Mail<\/><\/p>\n<p><>Message<\/><\/p>\n<p><>DSGVO<\/><\/p>\n<div>Mir ist bewusst und ich verstehe, dass meine Daten sicher sind und nicht an Dritte weitergegeben werden.<\/div>\n<p><!--more--><br \/>\n<!-- {\"type\":\"layout\",\"children\":[{\"type\":\"section\",\"props\":{\"height\":\"viewport\",\"height_offset_top\":true,\"image\":\"wp-content\\\/uploads\\\/2023\\\/10\\\/Hanna-Witte-32-1-scaled.jpg\",\"image_position\":\"center-center\",\"image_size\":\"cover\",\"style\":\"default\",\"title_breakpoint\":\"xl\",\"title_position\":\"top-left\",\"title_rotation\":\"left\",\"vertical_align\":\"middle\",\"width\":\"default\"},\"children\":[{\"type\":\"row\",\"children\":[{\"type\":\"column\",\"props\":{\"image_position\":\"center-center\",\"position_sticky_breakpoint\":\"m\"}}]}],\"name\":\"Header\"},{\"type\":\"section\",\"props\":{\"image_position\":\"center-center\",\"padding_remove_horizontal\":false,\"padding_remove_top\":true,\"style\":\"default\",\"title_breakpoint\":\"xl\",\"title_position\":\"top-left\",\"title_rotation\":\"left\",\"vertical_align\":\"\",\"width\":\"\"},\"children\":[{\"type\":\"row\",\"props\":{\"column_gap\":\"collapse\",\"css\":\".el-row {  \\n    box-shadow: 0 6px 8px 0 rgba(0, 0, 0, 0.2);\\n}\",\"layout\":\"1-2,1-2\",\"margin_remove_top\":false,\"row_gap\":\"collapse\"},\"children\":[{\"type\":\"column\",\"props\":{\"image_position\":\"center-center\",\"padding\":\"large\",\"position_sticky_breakpoint\":\"m\",\"style\":\"tile-secondary\",\"vertical_align\":\"middle\",\"width_medium\":\"1-2\"},\"children\":[{\"type\":\"headline\",\"props\":{\"content\":\"<strong>Kontakt<\\\/strong>\",\"content_en_us\":\"<strong>Contact<\\\/strong>\",\"title_element\":\"h1\",\"title_style\":\"h1\"}},{\"type\":\"text\",\"props\":{\"column_breakpoint\":\"m\",\"content\":\"\n\n<p>Im pers\\u00f6nlichen Gespr\\u00e4ch lassen sich<br \\\/>viele Fragen direkt kl\\u00e4ren und wir finden<br \\\/>gemeinsam heraus, ob deine Herausforderung<br \\\/>zu unseren L\\u00f6sungen passt.<\\\/p>\\n\n\n<p><span class=\\\"ui-provider cbw cbx c d e f g h i j k l m n o p q r s t cby cbz w x y z ab ac ae af ag ah ai aj ak\\\" dir=\\\"ltr\\\">+49 (0) 221 45088072<\\\/span><br \\\/><a href=\\\"mailto:office@on-dg.de\\\">office@on-dg.de<\\\/a><\\\/p>\\n\n\n<p><\\\/p>\",\"content_en_us\":\"\n\n<p><span data-contrast=\\\"auto\\\" xml:lang=\\\"EN-GB\\\" lang=\\\"EN-GB\\\" class=\\\"TextRun SCXW217321997 BCX9\\\"><span class=\\\"NormalTextRun SCXW217321997 BCX9\\\">In a personal conversation, many questions can be <\\\/span><span class=\\\"NormalTextRun SCXW217321997 BCX9\\\">explored<\\\/span><span class=\\\"NormalTextRun SCXW217321997 BCX9\\\"> directly and together we will find out whether your challenge fits our solutions.<\\\/span><\\\/span><span class=\\\"EOP SCXW217321997 BCX9\\\" data-ccp-props=\\\"{&quot;201341983&quot;:0,&quot;335559739&quot;:0,&quot;335559740&quot;:276}\\\">\\u00a0<\\\/span><\\\/p>\\n\n\n<p><span class=\\\"ui-provider cbw cbx c d e f g h i j k l m n o p q r s t cby cbz w x y z ab ac ae af ag ah ai aj ak\\\" dir=\\\"ltr\\\">+49 (0) 221 45088072<\\\/span><br \\\/><a href=\\\"mailto:office@on-dg.de\\\">office@on-dg.de<\\\/a><\\\/p>\",\"margin\":\"default\"}},{\"type\":\"social\",\"props\":{\"grid\":\"horizontal\",\"grid_column_gap\":\"small\",\"grid_row_gap\":\"small\",\"image_svg_inline\":true,\"link_style\":\"link\",\"margin\":\"default\"},\"children\":[{\"type\":\"social_item\",\"props\":{\"link\":\"https:\\\/\\\/www.linkedin.com\\\/company\\\/on.developmentgroup\\\/\"}}]}]},{\"type\":\"column\",\"props\":{\"image_position\":\"center-center\",\"image_size\":\"cover\",\"media_focal_point\":\"center-left\",\"padding\":\"large\",\"position_sticky_breakpoint\":\"m\",\"style\":\"tile-default\",\"vertical_align\":\"middle\",\"width_medium\":\"1-2\"},\"children\":[{\"type\":\"headline\",\"props\":{\"content\":\"<strong>Kontaktdaten eintragen <\\\/strong><strong>und zur\\u00fcck lehnen \\u2013 wir <\\\/strong><strong>melden uns z\\u00fcgig bei Dir!<\\\/strong>\",\"content_en_us\":\"<strong><span data-contrast=\\\"auto\\\" xml:lang=\\\"EN-GB\\\" lang=\\\"EN-GB\\\" class=\\\"TextRun SCXW189570933 BCX9\\\"><span class=\\\"NormalTextRun SCXW189570933 BCX9\\\">Enter your contact details and sit back - we will get back to you as soon as possible!<\\\/span><\\\/span><span class=\\\"EOP SCXW189570933 BCX9\\\" data-ccp-props=\\\"{&quot;201341983&quot;:0,&quot;335559739&quot;:0,&quot;335559740&quot;:276}\\\">\\u00a0<\\\/span><\\\/strong>\",\"title_element\":\"h2\",\"title_style\":\"h1\"}},{\"type\":\"cf-simple-form\",\"props\":{\"adminMailFormUser\":\"yes\",\"admin_email\":\"\n\n<p>Name: %name<\\\/p>\\n\n\n<p>E-Mail: %e-mail<br \\\/><br \\\/>Message: %message<br \\\/><br \\\/>DSGVO: %dsgvo<\\\/p>\",\"admin_email_address\":\"office@on-dg.de\",\"admin_email_subject\":\"On.DevelopmentGroup Kontaktformular - Neue Nachricht\",\"block_align\":\"center\",\"captcha_align\":\"left\",\"captcha_type\":\"recaptcha\",\"db_save\":true,\"form_layout\":\"stacked\",\"form_redirect\":false,\"layout_card\":\"none\",\"maxwidth\":\"2xlarge\",\"notification_message\":\"Thank you for your message.\",\"notification_position\":\"top-center\",\"notification_style\":\"success\",\"notification_timeout\":5000,\"reCaptcha_pos\":\"center\",\"reCaptcha_size\":\"normal\",\"reCaptcha_theme\":\"light\",\"reCaptcha_type\":\"v2-checkbox\",\"show_after_submission\":false,\"show_notification_message\":true,\"show_thank_msg\":true,\"spamcheck_failed\":\"Spam Check failed. Please try again.\",\"submitNotificationStyle\":\"success\",\"submit_button\":\"default\",\"submit_icon_padding\":10,\"submit_icon_position\":0,\"submit_position\":\"left\",\"submit_text\":\"Abschicken\",\"submit_text_en_us\":\"Submit\",\"thank_msg\":\"\n\n<p>Danke f\\u00fcr deine Nachricht!<\\\/p>\",\"user_email\":\"%data\",\"user_email_address\":\"E-Mail\",\"width_submit\":\"form-width-medium\"},\"children\":[{\"type\":\"cf-simple-form_item\",\"props\":{\"input_description_align\":\"center\",\"input_icon\":\"user\",\"input_label\":\"Name\",\"input_max_r\":10,\"input_min_r\":0,\"input_rows_ta\":10,\"input_step_r\":1,\"input_text_type\":\"text\",\"input_type\":\"input\",\"input_value_r\":5,\"require_input\":true,\"title\":\"Name\",\"width_field\":\"auto\"}},{\"type\":\"cf-simple-form_item\",\"props\":{\"input_description_align\":\"center\",\"input_icon\":\"mail\",\"input_label\":\"E-Mail\",\"input_max_r\":10,\"input_min_r\":0,\"input_rows_ta\":10,\"input_step_r\":1,\"input_text_type\":\"email\",\"input_type\":\"input\",\"input_value_r\":5,\"require_input\":true,\"title\":\"E-Mail\",\"width_field\":\"auto\"}},{\"type\":\"cf-simple-form_item\",\"props\":{\"input_description_align\":\"center\",\"input_label\":\"Nachricht\",\"input_label_en_us\":\"Message\",\"input_max_r\":10,\"input_min_r\":0,\"input_rows_ta\":2,\"input_step_r\":1,\"input_text_type\":\"text\",\"input_type\":\"textarea\",\"input_value_r\":5,\"require_input\":true,\"title\":\"Message\",\"width_field\":\"auto\"}},{\"type\":\"cf-simple-form_item\",\"props\":{\"input_description_align\":\"center\",\"input_label\":\"Datenschutz\",\"input_label_en_us\":\"Data Privacy\",\"input_max_r\":10,\"input_min_r\":0,\"input_options_src\":\"Mir ist bewusst und ich verstehe, dass meine Daten sicher sind und nicht an Dritte weitergegeben werden.\",\"input_options_src_en_us\":\"I am aware and understand that my data is secure and will not be passed on to third parties.\",\"input_rows_ta\":10,\"input_step_r\":1,\"input_text_type\":\"text\",\"input_type\":\"checkbox\",\"input_value_r\":5,\"require_input\":true,\"title\":\"DSGVO\",\"width_field\":\"auto\"}}]}]}]}],\"name\":\"Standard Section\"}],\"version\":\"4.5.33\"} --><\/p>\n","protected":false},"excerpt":{"rendered":"<p>Kontakt Im pers\u00f6nlichen Gespr\u00e4ch lassen sichviele Fragen direkt kl\u00e4ren und wir findengemeinsam heraus, ob deine Herausforderungzu unseren L\u00f6sungen passt. +49 (0) 221 45088072office@on-dg.de linkedin Kontaktdaten eintragen und zur\u00fcck lehnen \u2013 wir melden uns z\u00fcgig bei Dir! Name E-Mail Message DSGVO Mir ist bewusst und ich verstehe, dass meine Daten sicher sind und nicht an Dritte [&hellip;]<\/p>\n","protected":false},"author":3,"featured_media":653,"parent":0,"menu_order":0,"comment_status":"closed","ping_status":"closed","template":"","meta":{"footnotes":""},"class_list":["post-651","page","type-page","status-publish","has-post-thumbnail","hentry"],"yoast_head":"<!-- This site is optimized with the Yoast SEO plugin v27.3 - https:\/\/yoast.com\/product\/yoast-seo-wordpress\/ -->\n<title>KONTAKT<\/title>\n<meta name=\"description\" content=\"Im pers\u00f6nlichen Kontakt lassen sich viele Fragen direkt kl\u00e4ren und wir finden gemeinsam heraus, wie wir Dich unterst\u00fctzen k\u00f6nnen.\" \/>\n<meta name=\"robots\" content=\"index, follow, max-snippet:-1, max-image-preview:large, max-video-preview:-1\" \/>\n<link rel=\"canonical\" href=\"http:\/\/Kontakt%20Im%20pers\u00f6nlichen%20Gespr\u00e4ch%20lassen%20sichviele%20Fragen%20direkt%20kl\u00e4ren%20und%20wir%20findengemeinsam%20heraus,%20ob%20deine%20Herausforderungzu%20unseren%20L\u00f6sungen%20passt.%20%2049%20(0)%20221%2045088072office@on-dg.de%20linkedin%20Kontaktdaten%20eintragen%20und%20zur\u00fcck%20lehnen%20\u2013%20wir%20melden%20uns%20z\u00fcgig%20bei%20Dir!%20Name%20E-Mail%20Message%20DSGVO%20Mir%20ist%20bewusst%20und%20ich%20verstehe,%20dass%20meine%20Daten%20sicher%20sind%20und%20nicht%20an%20Dritte&hellip;\" \/>\n<meta property=\"og:locale\" content=\"en_US\" \/>\n<meta property=\"og:type\" content=\"article\" \/>\n<meta property=\"og:title\" content=\"KONTAKT\" \/>\n<meta property=\"og:description\" content=\"Im pers\u00f6nlichen Kontakt lassen sich viele Fragen direkt kl\u00e4ren und wir finden gemeinsam heraus, wie wir Dich unterst\u00fctzen k\u00f6nnen.\" \/>\n<meta property=\"og:url\" content=\"https:\/\/www.on-dg.de\/en\/kontakt\/\" \/>\n<meta property=\"og:site_name\" content=\"ON.DG\" \/>\n<meta property=\"article:modified_time\" content=\"2026-03-11T09:45:54+00:00\" \/>\n<meta property=\"og:image\" content=\"https:\/\/www.on-dg.de\/wp-content\/uploads\/2023\/10\/Hanna-Witte-32-1-scaled.jpg\" \/>\n\t<meta property=\"og:image:width\" content=\"2560\" \/>\n\t<meta property=\"og:image:height\" content=\"1708\" \/>\n\t<meta property=\"og:image:type\" content=\"image\/jpeg\" \/>\n<meta name=\"twitter:card\" content=\"summary_large_image\" \/>\n<meta name=\"twitter:label1\" content=\"Est. reading time\" \/>\n\t<meta name=\"twitter:data1\" content=\"1 minute\" \/>\n<script type=\"application\/ld+json\" class=\"yoast-schema-graph\">{\"@context\":\"https:\\\/\\\/schema.org\",\"@graph\":[{\"@type\":\"WebPage\",\"@id\":\"https:\\\/\\\/www.on-dg.de\\\/en\\\/kontakt\\\/\",\"url\":\"https:\\\/\\\/www.on-dg.de\\\/en\\\/kontakt\\\/\",\"name\":\"KONTAKT - ON.DG\",\"isPartOf\":{\"@id\":\"https:\\\/\\\/www.on-dg.de\\\/#website\"},\"primaryImageOfPage\":{\"@id\":\"https:\\\/\\\/www.on-dg.de\\\/en\\\/kontakt\\\/#primaryimage\"},\"image\":{\"@id\":\"https:\\\/\\\/www.on-dg.de\\\/en\\\/kontakt\\\/#primaryimage\"},\"thumbnailUrl\":\"https:\\\/\\\/www.on-dg.de\\\/wp-content\\\/uploads\\\/2023\\\/10\\\/Hanna-Witte-32-1-scaled.jpg\",\"datePublished\":\"2023-10-06T08:45:48+00:00\",\"dateModified\":\"2026-03-11T09:45:54+00:00\",\"description\":\"Im pers\u00f6nlichen Kontakt lassen sich viele Fragen direkt kl\u00e4ren und wir finden gemeinsam heraus, wie wir Dich unterst\u00fctzen k\u00f6nnen.\",\"breadcrumb\":{\"@id\":\"https:\\\/\\\/www.on-dg.de\\\/en\\\/kontakt\\\/#breadcrumb\"},\"inLanguage\":\"en-US\",\"potentialAction\":[{\"@type\":\"ReadAction\",\"target\":[\"https:\\\/\\\/www.on-dg.de\\\/en\\\/kontakt\\\/\"]}]},{\"@type\":\"ImageObject\",\"inLanguage\":\"en-US\",\"@id\":\"https:\\\/\\\/www.on-dg.de\\\/en\\\/kontakt\\\/#primaryimage\",\"url\":\"https:\\\/\\\/www.on-dg.de\\\/wp-content\\\/uploads\\\/2023\\\/10\\\/Hanna-Witte-32-1-scaled.jpg\",\"contentUrl\":\"https:\\\/\\\/www.on-dg.de\\\/wp-content\\\/uploads\\\/2023\\\/10\\\/Hanna-Witte-32-1-scaled.jpg\",\"width\":2560,\"height\":1708,\"caption\":\"kontakt-martina-l\u00fcttringhaus\"},{\"@type\":\"BreadcrumbList\",\"@id\":\"https:\\\/\\\/www.on-dg.de\\\/en\\\/kontakt\\\/#breadcrumb\",\"itemListElement\":[{\"@type\":\"ListItem\",\"position\":1,\"name\":\"HOME\",\"item\":\"https:\\\/\\\/www.on-dg.de\\\/\"},{\"@type\":\"ListItem\",\"position\":2,\"name\":\"KONTAKT\"}]},{\"@type\":\"WebSite\",\"@id\":\"https:\\\/\\\/www.on-dg.de\\\/en\\\/#website\",\"url\":\"https:\\\/\\\/www.on-dg.de\\\/en\\\/\",\"name\":\"ON.DG\",\"description\":\"\",\"publisher\":{\"@id\":\"https:\\\/\\\/www.on-dg.de\\\/en\\\/#organization\"},\"potentialAction\":[{\"@type\":\"SearchAction\",\"target\":{\"@type\":\"EntryPoint\",\"urlTemplate\":\"https:\\\/\\\/www.on-dg.de\\\/en\\\/?s={search_term_string}\"},\"query-input\":{\"@type\":\"PropertyValueSpecification\",\"valueRequired\":true,\"valueName\":\"search_term_string\"}}],\"inLanguage\":\"en-US\"},{\"@type\":\"Organization\",\"@id\":\"https:\\\/\\\/www.on-dg.de\\\/en\\\/#organization\",\"name\":\"ON.DG\",\"url\":\"https:\\\/\\\/www.on-dg.de\\\/en\\\/\",\"logo\":{\"@type\":\"ImageObject\",\"inLanguage\":\"en-US\",\"@id\":\"https:\\\/\\\/www.on-dg.de\\\/en\\\/#\\\/schema\\\/logo\\\/image\\\/\",\"url\":\"https:\\\/\\\/www.on-dg.de\\\/wp-content\\\/uploads\\\/2024\\\/02\\\/ON-Grafik_gruen_RGB.svg\",\"contentUrl\":\"https:\\\/\\\/www.on-dg.de\\\/wp-content\\\/uploads\\\/2024\\\/02\\\/ON-Grafik_gruen_RGB.svg\",\"width\":1,\"height\":1,\"caption\":\"ON.DG\"},\"image\":{\"@id\":\"https:\\\/\\\/www.on-dg.de\\\/en\\\/#\\\/schema\\\/logo\\\/image\\\/\"},\"sameAs\":[\"https:\\\/\\\/www.linkedin.com\\\/company\\\/on.developmentgroup\\\/\"]}]}<\/script>\n<!-- \/ Yoast SEO plugin. -->","yoast_head_json":{"title":"KONTAKT","description":"Im pers\u00f6nlichen Kontakt lassen sich viele Fragen direkt kl\u00e4ren und wir finden gemeinsam heraus, wie wir Dich unterst\u00fctzen k\u00f6nnen.","robots":{"index":"index","follow":"follow","max-snippet":"max-snippet:-1","max-image-preview":"max-image-preview:large","max-video-preview":"max-video-preview:-1"},"canonical":"Kontakt Im pers\u00f6nlichen Gespr\u00e4ch lassen sichviele Fragen direkt kl\u00e4ren und wir findengemeinsam heraus, ob deine Herausforderungzu unseren L\u00f6sungen passt.  49 (0) 221 45088072office@on-dg.de linkedin Kontaktdaten eintragen und zur\u00fcck lehnen \u2013 wir melden uns z\u00fcgig bei Dir! Name E-Mail Message DSGVO Mir ist bewusst und ich verstehe, dass meine Daten sicher sind und nicht an Dritte&hellip;","og_locale":"en_US","og_type":"article","og_title":"KONTAKT","og_description":"Im pers\u00f6nlichen Kontakt lassen sich viele Fragen direkt kl\u00e4ren und wir finden gemeinsam heraus, wie wir Dich unterst\u00fctzen k\u00f6nnen.","og_url":"https:\/\/www.on-dg.de\/en\/kontakt\/","og_site_name":"ON.DG","article_modified_time":"2026-03-11T09:45:54+00:00","og_image":[{"width":2560,"height":1708,"url":"https:\/\/www.on-dg.de\/wp-content\/uploads\/2023\/10\/Hanna-Witte-32-1-scaled.jpg","type":"image\/jpeg"}],"twitter_card":"summary_large_image","twitter_misc":{"Est. reading time":"1 minute"},"schema":{"@context":"https:\/\/schema.org","@graph":[{"@type":"WebPage","@id":"https:\/\/www.on-dg.de\/en\/kontakt\/","url":"https:\/\/www.on-dg.de\/en\/kontakt\/","name":"KONTAKT - ON.DG","isPartOf":{"@id":"https:\/\/www.on-dg.de\/#website"},"primaryImageOfPage":{"@id":"https:\/\/www.on-dg.de\/en\/kontakt\/#primaryimage"},"image":{"@id":"https:\/\/www.on-dg.de\/en\/kontakt\/#primaryimage"},"thumbnailUrl":"https:\/\/www.on-dg.de\/wp-content\/uploads\/2023\/10\/Hanna-Witte-32-1-scaled.jpg","datePublished":"2023-10-06T08:45:48+00:00","dateModified":"2026-03-11T09:45:54+00:00","description":"Im pers\u00f6nlichen Kontakt lassen sich viele Fragen direkt kl\u00e4ren und wir finden gemeinsam heraus, wie wir Dich unterst\u00fctzen k\u00f6nnen.","breadcrumb":{"@id":"https:\/\/www.on-dg.de\/en\/kontakt\/#breadcrumb"},"inLanguage":"en-US","potentialAction":[{"@type":"ReadAction","target":["https:\/\/www.on-dg.de\/en\/kontakt\/"]}]},{"@type":"ImageObject","inLanguage":"en-US","@id":"https:\/\/www.on-dg.de\/en\/kontakt\/#primaryimage","url":"https:\/\/www.on-dg.de\/wp-content\/uploads\/2023\/10\/Hanna-Witte-32-1-scaled.jpg","contentUrl":"https:\/\/www.on-dg.de\/wp-content\/uploads\/2023\/10\/Hanna-Witte-32-1-scaled.jpg","width":2560,"height":1708,"caption":"kontakt-martina-l\u00fcttringhaus"},{"@type":"BreadcrumbList","@id":"https:\/\/www.on-dg.de\/en\/kontakt\/#breadcrumb","itemListElement":[{"@type":"ListItem","position":1,"name":"HOME","item":"https:\/\/www.on-dg.de\/"},{"@type":"ListItem","position":2,"name":"KONTAKT"}]},{"@type":"WebSite","@id":"https:\/\/www.on-dg.de\/en\/#website","url":"https:\/\/www.on-dg.de\/en\/","name":"ON.DG","description":"","publisher":{"@id":"https:\/\/www.on-dg.de\/en\/#organization"},"potentialAction":[{"@type":"SearchAction","target":{"@type":"EntryPoint","urlTemplate":"https:\/\/www.on-dg.de\/en\/?s={search_term_string}"},"query-input":{"@type":"PropertyValueSpecification","valueRequired":true,"valueName":"search_term_string"}}],"inLanguage":"en-US"},{"@type":"Organization","@id":"https:\/\/www.on-dg.de\/en\/#organization","name":"ON.DG","url":"https:\/\/www.on-dg.de\/en\/","logo":{"@type":"ImageObject","inLanguage":"en-US","@id":"https:\/\/www.on-dg.de\/en\/#\/schema\/logo\/image\/","url":"https:\/\/www.on-dg.de\/wp-content\/uploads\/2024\/02\/ON-Grafik_gruen_RGB.svg","contentUrl":"https:\/\/www.on-dg.de\/wp-content\/uploads\/2024\/02\/ON-Grafik_gruen_RGB.svg","width":1,"height":1,"caption":"ON.DG"},"image":{"@id":"https:\/\/www.on-dg.de\/en\/#\/schema\/logo\/image\/"},"sameAs":["https:\/\/www.linkedin.com\/company\/on.developmentgroup\/"]}]}},"_links":{"self":[{"href":"https:\/\/www.on-dg.de\/en\/wp-json\/wp\/v2\/pages\/651","targetHints":{"allow":["GET"]}}],"collection":[{"href":"https:\/\/www.on-dg.de\/en\/wp-json\/wp\/v2\/pages"}],"about":[{"href":"https:\/\/www.on-dg.de\/en\/wp-json\/wp\/v2\/types\/page"}],"author":[{"embeddable":true,"href":"https:\/\/www.on-dg.de\/en\/wp-json\/wp\/v2\/users\/3"}],"replies":[{"embeddable":true,"href":"https:\/\/www.on-dg.de\/en\/wp-json\/wp\/v2\/comments?post=651"}],"version-history":[{"count":32,"href":"https:\/\/www.on-dg.de\/en\/wp-json\/wp\/v2\/pages\/651\/revisions"}],"predecessor-version":[{"id":1883,"href":"https:\/\/www.on-dg.de\/en\/wp-json\/wp\/v2\/pages\/651\/revisions\/1883"}],"wp:featuredmedia":[{"embeddable":true,"href":"https:\/\/www.on-dg.de\/en\/wp-json\/wp\/v2\/media\/653"}],"wp:attachment":[{"href":"https:\/\/www.on-dg.de\/en\/wp-json\/wp\/v2\/media?parent=651"}],"curies":[{"name":"wp","href":"https:\/\/api.w.org\/{rel}","templated":true}]}}