{"id":620,"date":"2023-10-06T07:40:13","date_gmt":"2023-10-06T07:40:13","guid":{"rendered":"https:\/\/www.on-dg.de\/?page_id=620"},"modified":"2026-03-11T09:44:12","modified_gmt":"2026-03-11T09:44:12","slug":"impressum","status":"publish","type":"page","link":"https:\/\/www.on-dg.de\/en\/impressum\/","title":{"rendered":"Impressum"},"content":{"rendered":"<h1>IMPRESSUM<\/h1>\n<div>\n<p>Hier findet Ihr alle Angaben im Impressum gem\u00e4\u00df \u00a7 5 DDG:<\/p>\n<p><strong>ON.DevelopmentGroup<\/strong><br \/>Martina L\u00fcttringhaus<br \/>Sudetenweg 13d<br \/>50858 K\u00f6ln<\/p>\n<p>Kontakt:<span> <span class=\"ui-provider cbw cbx c d e f g h i j k l m n o p q r s t cby cbz w x y z ab ac ae af ag ah ai aj ak\" dir=\"ltr\">+49 (0) 221 45088072<\/span><\/span><br \/>office[at]on-dg.de<br \/><a href=\"http:\/\/www.dorn-communication.de\/\">www.on-dg.de<\/a><\/p>\n<\/p>\n<p><strong>Impressum: Umsatzsteuer-ID:<\/strong><\/p>\n<p>Umsatzsteuer-Identifikationsnummer gem\u00e4\u00df \u00a727 a Umsatzsteuergesetz:<br \/>DE241693198<\/p>\n<p><strong>\u00a0<\/strong><\/p>\n<p><strong>Verantwortlich f\u00fcr den Inhalt nach \u00a7 55 Abs. 2 RStV:<\/strong><br \/>Martina L\u00fcttringhaus<br \/>Sudetenweg 13d<br \/>50858 K\u00f6ln<\/p>\n<\/p>\n<p><strong>Impressum: Bildnachweis<\/strong>:<br \/>Online-akademie-shop: 171112041 \/\/ istock \/ von pixelfit<br \/>Online-akademie-icons: 910225066\/\/ istock \/ von Leylaynr<br \/>Kontakt: 1151642415 \/\/ iStock \/von energyy<br \/>Leadership-Team-Frau: 1191132580 \/\/ istock \/ von fizkes<br \/>Leadership-Team-Fokus: nDDVQzkc_fc \/\/ unspleash \/ von Matthieu Stern<\/p>\n<\/div>\n<h3>IMPRESSUM:HAFTUNGSAUSSCHLUSS<\/h3>\n<div>\n<p><strong>Inhalt des Onlineangebotes<\/strong><br \/>Der Autor \u00fcbernimmt keinerlei Gew\u00e4hr f\u00fcr die Aktualit\u00e4t, Korrektheit, Vollst\u00e4ndigkeit oder Qualit\u00e4t der bereitgestellten Informationen. Haftungsanspr\u00fcche gegen den Autor, welche sich auf Sch\u00e4den materieller oder ideeller Art beziehen, die durch die Nutzung oder Nichtnutzung der dargebotenen Informationen bzw. durch die Nutzung fehlerhafter und unvollst\u00e4ndiger Informationen verursacht wurden, sind grunds\u00e4tzlich ausgeschlossen, sofern seitens des Autors kein nachweislich vors\u00e4tzliches oder grob fahrl\u00e4ssiges Verschulden vorliegt.<br \/>Alle Angebote sind freibleibend und unverbindlich. Der Autor beh\u00e4lt es sich ausdr\u00fccklich vor, Teile der Seiten oder das gesamte Angebot ohne gesonderte Ank\u00fcndigung zu ver\u00e4ndern, zu erg\u00e4nzen, zu l\u00f6schen oder die Ver\u00f6ffentlichung zeitweise oder endg\u00fcltig einzustellen.<\/p>\n<ol>\n<li><strong>Verweise und Links<\/strong><br \/>Bei direkten oder indirekten Verweisen auf fremde Webseiten (Hyperlinks), die au\u00dferhalb des Verantwortungsbereiches des Autors liegen, w\u00fcrde eine Haftungsverpflichtung ausschlie\u00dflich in dem Fall in Kraft treten, in dem der Autor von den Inhalten Kenntnis hat und es ihm technisch m\u00f6glich und zumutbar w\u00e4re, die Nutzung im Falle rechtswidriger Inhalte zu verhindern.<br \/>Der Autor erkl\u00e4rt hiermit ausdr\u00fccklich, dass zum Zeitpunkt der Linksetzung keine illegalen Inhalte auf den zu verlinkenden Seiten erkennbar waren. Auf die aktuelle und zuk\u00fcnftige Gestaltung, die Inhalte oder die Urheberschaft der verlinkten\/verkn\u00fcpften Seiten hat der Autor keinerlei Einfluss. Deshalb distanziert er sich hiermit ausdr\u00fccklich von allen Inhalten aller verlinkten \/verkn\u00fcpften Seiten, die nach der Linksetzung ver\u00e4ndert wurden. Diese Feststellung gilt f\u00fcr alle innerhalb des eigenen Internetangebotes gesetzten Links und Verweise sowie f\u00fcr Fremdeintr\u00e4ge in vom Autor eingerichteten G\u00e4steb\u00fcchern, Diskussionsforen, Linkverzeichnissen, Mailinglisten und in allen anderen Formen von Datenbanken, auf deren Inhalt externe Schreibzugriffe m\u00f6glich sind. F\u00fcr illegale, fehlerhafte oder unvollst\u00e4ndige Inhalte und insbesondere f\u00fcr Sch\u00e4den, die aus der Nutzung oder Nichtnutzung solcherart dargebotener Informationen entstehen, haftet allein der Anbieter der Seite, auf welche verwiesen wurde, nicht derjenige, der \u00fcber Links auf die jeweilige Ver\u00f6ffentlichung lediglich verweist.<\/li>\n<li><strong>Urheber- und Kennzeichenrecht<\/strong><br \/>Der Autor ist bestrebt, in allen Publikationen die Urheberrechte der verwendeten Grafiken, Tondokumente, Videosequenzen und Texte zu beachten, von ihm selbst erstellte Grafiken, Tondokumente, Videosequenzen und Texte zu nutzen oder auf lizenzfreie Grafiken, Tondokumente, Videosequenzen und Texte zur\u00fcckzugreifen.<br \/>Alle innerhalb des Internetangebotes genannten und ggf. durch Dritte gesch\u00fctzten Marken- und Warenzeichen unterliegen uneingeschr\u00e4nkt den Bestimmungen des jeweils g\u00fcltigen Kennzeichenrechts und den Besitzrechten der jeweiligen eingetragenen Eigent\u00fcmer. Allein aufgrund der blo\u00dfen Nennung ist nicht der Schluss zu ziehen, dass Markenzeichen nicht durch Rechte Dritter gesch\u00fctzt sind!<br \/>Das Copyright f\u00fcr ver\u00f6ffentlichte, vom Autor selbst erstellte Objekte bleibt allein beim Autor der Seiten. Eine Vervielf\u00e4ltigung oder Verwendung solcher Grafiken, Tondokumente, Videosequenzen und Texte in anderen elektronischen oder gedruckten Publikationen ist ohne ausdr\u00fcckliche Zustimmung des Autors nicht gestattet.<\/li>\n<li><strong>Datenschutz<\/strong><br \/>Sofern innerhalb des Internetangebotes die M\u00f6glichkeit zur Eingabe pers\u00f6nlicher oder gesch\u00e4ftlicher Daten (Emailadressen, Namen, Anschriften) besteht, so erfolgt die Preisgabe dieser Daten seitens des Nutzers auf ausdr\u00fccklich freiwilliger Basis. Die Inanspruchnahme und Bezahlung aller angebotenen Dienste ist \u2013 soweit technisch m\u00f6glich und zumutbar \u2013 auch ohne Angabe solcher Daten bzw. unter Angabe anonymisierter Daten oder eines Pseudonyms gestattet. Die Nutzung der im Rahmen des Impressums oder vergleichbarer Angaben ver\u00f6ffentlichten Kontaktdaten wie Postanschriften, Telefon- und Faxnummern sowie Emailadressen durch Dritte zur \u00dcbersendung von nicht ausdr\u00fccklich angeforderten Informationen ist nicht gestattet. Rechtliche Schritte gegen die Versender von sogenannten Spam-Mails bei Verst\u00f6\u00dfen gegen dieses Verbot sind ausdr\u00fccklich vorbehalten.<\/li>\n<li><strong>Rechtswirksamkeit dieses Haftungsausschlusses<\/strong><br \/>Dieser Haftungsausschluss ist als Teil des Internetangebotes zu betrachten, von dem aus auf diese Seite verwiesen wurde. Sofern Teile oder einzelne Formulierungen dieses Textes der geltenden Rechtslage nicht, nicht mehr oder nicht vollst\u00e4ndig entsprechen sollten, bleiben die \u00fcbrigen Teile des Dokumentes in ihrem Inhalt und ihrer G\u00fcltigkeit davon unber\u00fchrt.<\/li>\n<\/ol>\n<\/div>\n<p><!--more--><br \/>\n<!-- {\"type\":\"layout\",\"children\":[{\"type\":\"section\",\"props\":{\"image_position\":\"center-center\",\"style\":\"default\",\"title_breakpoint\":\"xl\",\"title_position\":\"top-left\",\"title_rotation\":\"left\",\"vertical_align\":\"\",\"width\":\"default\"},\"children\":[{\"type\":\"row\",\"children\":[{\"type\":\"column\",\"props\":{\"image_position\":\"center-center\",\"position_sticky_breakpoint\":\"m\"},\"children\":[{\"type\":\"headline\",\"props\":{\"content\":\"IMPRESSUM\",\"content_en_us\":\"Site Notice\",\"title_element\":\"h1\",\"title_style\":\"h1\"}},{\"type\":\"text\",\"props\":{\"column_breakpoint\":\"m\",\"content\":\"\n\n<p>Hier findet Ihr alle Angaben im Impressum gem\\u00e4\\u00df \\u00a7 5 DDG:<\\\/p>\\n\n\n<p><strong>ON.DevelopmentGroup<\\\/strong><br \\\/>Martina L\\u00fcttringhaus<br \\\/>Sudetenweg 13d<br \\\/>50858 K\\u00f6ln<\\\/p>\\n\n\n<p>Kontakt:<span> <span class=\\\"ui-provider cbw cbx c d e f g h i j k l m n o p q r s t cby cbz w x y z ab ac ae af ag ah ai aj ak\\\" dir=\\\"ltr\\\">+49 (0) 221 45088072<\\\/span><\\\/span><br \\\/>office[at]on-dg.de<br \\\/><a href=\\\"http:\\\/\\\/www.dorn-communication.de\\\/\\\">www.on-dg.de<\\\/a><\\\/p>\\n\n\n<p><\\\/p>\\n\n\n<p><strong>Impressum: Umsatzsteuer-ID:<\\\/strong><\\\/p>\\n\n\n<p>Umsatzsteuer-Identifikationsnummer gem\\u00e4\\u00df \\u00a727 a Umsatzsteuergesetz:<br \\\/>DE241693198<\\\/p>\\n\n\n<p><strong>\\u00a0<\\\/strong><\\\/p>\\n\n\n<p><strong>Verantwortlich f\\u00fcr den Inhalt nach \\u00a7 55 Abs. 2 RStV:<\\\/strong><br \\\/>Martina L\\u00fcttringhaus<br \\\/>Sudetenweg 13d<br \\\/>50858 K\\u00f6ln<\\\/p>\\n\n\n<p><\\\/p>\\n\n\n<p><strong>Impressum: Bildnachweis<\\\/strong>:<br \\\/>Online-akademie-shop: 171112041 \\\/\\\/ istock \\\/ von pixelfit<br \\\/>Online-akademie-icons: 910225066\\\/\\\/ istock \\\/ von Leylaynr<br \\\/>Kontakt: 1151642415 \\\/\\\/ iStock \\\/von energyy<br \\\/>Leadership-Team-Frau: 1191132580 \\\/\\\/ istock \\\/ von fizkes<br \\\/>Leadership-Team-Fokus: nDDVQzkc_fc \\\/\\\/ unspleash \\\/ von Matthieu Stern<\\\/p>\",\"content_en_us\":\"\n\n<p>Data according to article \\u00a7 5 TMG:<\\\/p>\\n\n\n<p><strong>ON.DevelopmentGroup<\\\/strong><br \\\/>Martina L\\u00fcttringhaus<br \\\/>Sudetenweg 13d<br \\\/>50858 K\\u00f6ln<\\\/p>\\n\n\n<p>Contact:<span> <span class=\\\"ui-provider cbw cbx c d e f g h i j k l m n o p q r s t cby cbz w x y z ab ac ae af ag ah ai aj ak\\\" dir=\\\"ltr\\\">+49 (0) 221 45088072<\\\/span><\\\/span><br \\\/>office[at]on-dg.de<br \\\/><a href=\\\"http:\\\/\\\/www.dorn-communication.de\\\/\\\">www.on-dg.de<\\\/a><\\\/p>\\n\n\n<p><strong>VAT No.:<\\\/strong><\\\/p>\\n\n\n<p>VAT No. according to article \\u00a727 a Value Added Tac Act:<br \\\/>DE241693198<\\\/p>\\n\n\n<p><strong>\\u00a0<\\\/strong><\\\/p>\\n\n\n<p><strong>Responsible for the content according to article\\u00a0 \\u00a7 55 Abs. 2 RStV:<\\\/strong><br \\\/>Martina L\\u00fcttringhaus<br \\\/>Sudetenweg 13d<br \\\/>50858 K\\u00f6ln<\\\/p>\",\"margin\":\"default\"}},{\"type\":\"headline\",\"props\":{\"content\":\"IMPRESSUM:HAFTUNGSAUSSCHLUSS\",\"content_en_us\":\"DISCLAIMER\",\"title_element\":\"h3\",\"title_style\":\"h3\"}},{\"type\":\"text\",\"props\":{\"column_breakpoint\":\"m\",\"content\":\"\n\n<p><strong>Inhalt des Onlineangebotes<\\\/strong><br \\\/>Der Autor \\u00fcbernimmt keinerlei Gew\\u00e4hr f\\u00fcr die Aktualit\\u00e4t, Korrektheit, Vollst\\u00e4ndigkeit oder Qualit\\u00e4t der bereitgestellten Informationen. Haftungsanspr\\u00fcche gegen den Autor, welche sich auf Sch\\u00e4den materieller oder ideeller Art beziehen, die durch die Nutzung oder Nichtnutzung der dargebotenen Informationen bzw. durch die Nutzung fehlerhafter und unvollst\\u00e4ndiger Informationen verursacht wurden, sind grunds\\u00e4tzlich ausgeschlossen, sofern seitens des Autors kein nachweislich vors\\u00e4tzliches oder grob fahrl\\u00e4ssiges Verschulden vorliegt.<br \\\/>Alle Angebote sind freibleibend und unverbindlich. Der Autor beh\\u00e4lt es sich ausdr\\u00fccklich vor, Teile der Seiten oder das gesamte Angebot ohne gesonderte Ank\\u00fcndigung zu ver\\u00e4ndern, zu erg\\u00e4nzen, zu l\\u00f6schen oder die Ver\\u00f6ffentlichung zeitweise oder endg\\u00fcltig einzustellen.<\\\/p>\\n\n\n<ol>\\n\n\n<li><strong>Verweise und Links<\\\/strong><br \\\/>Bei direkten oder indirekten Verweisen auf fremde Webseiten (Hyperlinks), die au\\u00dferhalb des Verantwortungsbereiches des Autors liegen, w\\u00fcrde eine Haftungsverpflichtung ausschlie\\u00dflich in dem Fall in Kraft treten, in dem der Autor von den Inhalten Kenntnis hat und es ihm technisch m\\u00f6glich und zumutbar w\\u00e4re, die Nutzung im Falle rechtswidriger Inhalte zu verhindern.<br \\\/>Der Autor erkl\\u00e4rt hiermit ausdr\\u00fccklich, dass zum Zeitpunkt der Linksetzung keine illegalen Inhalte auf den zu verlinkenden Seiten erkennbar waren. Auf die aktuelle und zuk\\u00fcnftige Gestaltung, die Inhalte oder die Urheberschaft der verlinkten\\\/verkn\\u00fcpften Seiten hat der Autor keinerlei Einfluss. Deshalb distanziert er sich hiermit ausdr\\u00fccklich von allen Inhalten aller verlinkten \\\/verkn\\u00fcpften Seiten, die nach der Linksetzung ver\\u00e4ndert wurden. Diese Feststellung gilt f\\u00fcr alle innerhalb des eigenen Internetangebotes gesetzten Links und Verweise sowie f\\u00fcr Fremdeintr\\u00e4ge in vom Autor eingerichteten G\\u00e4steb\\u00fcchern, Diskussionsforen, Linkverzeichnissen, Mailinglisten und in allen anderen Formen von Datenbanken, auf deren Inhalt externe Schreibzugriffe m\\u00f6glich sind. F\\u00fcr illegale, fehlerhafte oder unvollst\\u00e4ndige Inhalte und insbesondere f\\u00fcr Sch\\u00e4den, die aus der Nutzung oder Nichtnutzung solcherart dargebotener Informationen entstehen, haftet allein der Anbieter der Seite, auf welche verwiesen wurde, nicht derjenige, der \\u00fcber Links auf die jeweilige Ver\\u00f6ffentlichung lediglich verweist.<\\\/li>\\n\n\n<li><strong>Urheber- und Kennzeichenrecht<\\\/strong><br \\\/>Der Autor ist bestrebt, in allen Publikationen die Urheberrechte der verwendeten Grafiken, Tondokumente, Videosequenzen und Texte zu beachten, von ihm selbst erstellte Grafiken, Tondokumente, Videosequenzen und Texte zu nutzen oder auf lizenzfreie Grafiken, Tondokumente, Videosequenzen und Texte zur\\u00fcckzugreifen.<br \\\/>Alle innerhalb des Internetangebotes genannten und ggf. durch Dritte gesch\\u00fctzten Marken- und Warenzeichen unterliegen uneingeschr\\u00e4nkt den Bestimmungen des jeweils g\\u00fcltigen Kennzeichenrechts und den Besitzrechten der jeweiligen eingetragenen Eigent\\u00fcmer. Allein aufgrund der blo\\u00dfen Nennung ist nicht der Schluss zu ziehen, dass Markenzeichen nicht durch Rechte Dritter gesch\\u00fctzt sind!<br \\\/>Das Copyright f\\u00fcr ver\\u00f6ffentlichte, vom Autor selbst erstellte Objekte bleibt allein beim Autor der Seiten. Eine Vervielf\\u00e4ltigung oder Verwendung solcher Grafiken, Tondokumente, Videosequenzen und Texte in anderen elektronischen oder gedruckten Publikationen ist ohne ausdr\\u00fcckliche Zustimmung des Autors nicht gestattet.<\\\/li>\\n\n\n<li><strong>Datenschutz<\\\/strong><br \\\/>Sofern innerhalb des Internetangebotes die M\\u00f6glichkeit zur Eingabe pers\\u00f6nlicher oder gesch\\u00e4ftlicher Daten (Emailadressen, Namen, Anschriften) besteht, so erfolgt die Preisgabe dieser Daten seitens des Nutzers auf ausdr\\u00fccklich freiwilliger Basis. Die Inanspruchnahme und Bezahlung aller angebotenen Dienste ist \\u2013 soweit technisch m\\u00f6glich und zumutbar \\u2013 auch ohne Angabe solcher Daten bzw. unter Angabe anonymisierter Daten oder eines Pseudonyms gestattet. Die Nutzung der im Rahmen des Impressums oder vergleichbarer Angaben ver\\u00f6ffentlichten Kontaktdaten wie Postanschriften, Telefon- und Faxnummern sowie Emailadressen durch Dritte zur \\u00dcbersendung von nicht ausdr\\u00fccklich angeforderten Informationen ist nicht gestattet. Rechtliche Schritte gegen die Versender von sogenannten Spam-Mails bei Verst\\u00f6\\u00dfen gegen dieses Verbot sind ausdr\\u00fccklich vorbehalten.<\\\/li>\\n\n\n<li><strong>Rechtswirksamkeit dieses Haftungsausschlusses<\\\/strong><br \\\/>Dieser Haftungsausschluss ist als Teil des Internetangebotes zu betrachten, von dem aus auf diese Seite verwiesen wurde. Sofern Teile oder einzelne Formulierungen dieses Textes der geltenden Rechtslage nicht, nicht mehr oder nicht vollst\\u00e4ndig entsprechen sollten, bleiben die \\u00fcbrigen Teile des Dokumentes in ihrem Inhalt und ihrer G\\u00fcltigkeit davon unber\\u00fchrt.<\\\/li>\\n<\\\/ol>\",\"content_en_us\":\"\n\n<ol>\\n\n\n<li><strong>Content<\\\/strong><br \\\/>The author reserves the right not to be responsible for the topicality, correctness, completeness or quality of the information provided. Liability claims regarding damage caused by the use of any information provided, including any kind of information which is incomplete or incorrect, will therefore be rejected.<br \\\/>All offers are not-binding and without obligation. Parts of the pages or the complete publication including all offers and information might be extended, changed or partly or completely deleted by the author without separate announcement.<\\\/li>\\n\n\n<li><strong>Referrals and links<br \\\/><\\\/strong>The author is not responsible for any contents linked or referred to from his pages \\u2013 unless he has full knowledge of illegal contents and would be able to prevent the visitors of his site fromviewing those pages. If any damage occurs by the use of information presented there, only the author of the respective pages might be liable, not the one who has linked to these pages. Furthermore the author is not liable for any postings or messages published by users of discussion boards, guestbooks or mailinglists provided on his page.<\\\/li>\\n\n\n<li><strong>Copyright<\\\/strong><br \\\/>The author intended not to use any copyrighted material for the publication or, if not possible, to indicate the copyright of the respective object.<br \\\/>The copyright for any material created by the author is reserved. Any duplication or use of objects such as diagrams, sounds or texts in other electronic or printed publications is not permitted without the author\\u2019s agreement.<\\\/li>\\n\n\n<li><strong>Privacy policy<\\\/strong><br \\\/>If the opportunity for the input of personal or business data (email addresses, name, addresses) is given, the input of these data takes place voluntarily. The use and payment of all offered services are permitted \\u2013 if and so far technically possible and reasonable \\u2013 without specification of any personal data or under specification of anonymized data or an alias. The use of published postal addresses, telephone or fax numbers and email addresses for marketing purposes is prohibited, offenders sending unwanted spam messages will be punished.<\\\/li>\\n\n\n<li><strong>Legal validity of this disclaimer<\\\/strong><br \\\/>This disclaimer is to be regarded as part of the internet publication which you were referred from. If sections or individual terms of this statement are not legal or correct, the content or validity of the other parts remain uninfluenced by this fact.<\\\/li>\\n<\\\/ol>\",\"margin\":\"default\"}}]}]}],\"name\":\"Impressum\"}],\"version\":\"4.5.33\"} --><\/p>\n","protected":false},"excerpt":{"rendered":"<p>IMPRESSUM Hier findet Ihr alle Angaben im Impressum gem\u00e4\u00df \u00a7 5 DDG: ON.DevelopmentGroupMartina L\u00fcttringhausSudetenweg 13d50858 K\u00f6ln Kontakt: +49 (0) 221 45088072office[at]on-dg.dewww.on-dg.de Impressum: Umsatzsteuer-ID: Umsatzsteuer-Identifikationsnummer gem\u00e4\u00df \u00a727 a Umsatzsteuergesetz:DE241693198 \u00a0 Verantwortlich f\u00fcr den Inhalt nach \u00a7 55 Abs. 2 RStV:Martina L\u00fcttringhausSudetenweg 13d50858 K\u00f6ln Impressum: Bildnachweis:Online-akademie-shop: 171112041 \/\/ istock \/ von pixelfitOnline-akademie-icons: 910225066\/\/ istock \/ von LeylaynrKontakt: [&hellip;]<\/p>\n","protected":false},"author":3,"featured_media":0,"parent":0,"menu_order":0,"comment_status":"closed","ping_status":"closed","template":"","meta":{"footnotes":""},"class_list":["post-620","page","type-page","status-publish","hentry"],"yoast_head":"<!-- This site is optimized with the Yoast SEO plugin v27.3 - https:\/\/yoast.com\/product\/yoast-seo-wordpress\/ -->\n<title>Impressum<\/title>\n<meta name=\"description\" content=\"Wichtige Informationen zu unserer Website: Im Impressum findest du alle relevanten Angaben zu unserer Website.\" \/>\n<meta name=\"robots\" content=\"index, follow, max-snippet:-1, max-image-preview:large, max-video-preview:-1\" \/>\n<link rel=\"canonical\" href=\"\" \/>\n<meta property=\"og:locale\" content=\"en_US\" \/>\n<meta property=\"og:type\" content=\"article\" \/>\n<meta property=\"og:title\" content=\"Impressum\" \/>\n<meta property=\"og:description\" content=\"Wichtige Informationen zu unserer Website: Im Impressum findest du alle relevanten Angaben zu unserer Website.\" \/>\n<meta property=\"og:url\" content=\"https:\/\/www.on-dg.de\/en\/impressum\/\" \/>\n<meta property=\"og:site_name\" content=\"ON.DG\" \/>\n<meta property=\"article:modified_time\" content=\"2026-03-11T09:44:12+00:00\" \/>\n<meta name=\"twitter:card\" content=\"summary_large_image\" \/>\n<meta name=\"twitter:label1\" content=\"Est. reading time\" \/>\n\t<meta name=\"twitter:data1\" content=\"4 minutes\" \/>\n<script type=\"application\/ld+json\" class=\"yoast-schema-graph\">{\"@context\":\"https:\\\/\\\/schema.org\",\"@graph\":[{\"@type\":\"WebPage\",\"@id\":\"https:\\\/\\\/www.on-dg.de\\\/en\\\/impressum\\\/\",\"url\":\"https:\\\/\\\/www.on-dg.de\\\/en\\\/impressum\\\/\",\"name\":\"Impressum - ON.DG\",\"isPartOf\":{\"@id\":\"https:\\\/\\\/www.on-dg.de\\\/#website\"},\"datePublished\":\"2023-10-06T07:40:13+00:00\",\"dateModified\":\"2026-03-11T09:44:12+00:00\",\"description\":\"Wichtige Informationen zu unserer Website: Im Impressum findest du alle relevanten Angaben zu unserer Website.\",\"breadcrumb\":{\"@id\":\"https:\\\/\\\/www.on-dg.de\\\/en\\\/impressum\\\/#breadcrumb\"},\"inLanguage\":\"en-US\",\"potentialAction\":[{\"@type\":\"ReadAction\",\"target\":[\"https:\\\/\\\/www.on-dg.de\\\/en\\\/impressum\\\/\"]}]},{\"@type\":\"BreadcrumbList\",\"@id\":\"https:\\\/\\\/www.on-dg.de\\\/en\\\/impressum\\\/#breadcrumb\",\"itemListElement\":[{\"@type\":\"ListItem\",\"position\":1,\"name\":\"HOME\",\"item\":\"https:\\\/\\\/www.on-dg.de\\\/\"},{\"@type\":\"ListItem\",\"position\":2,\"name\":\"Impressum\"}]},{\"@type\":\"WebSite\",\"@id\":\"https:\\\/\\\/www.on-dg.de\\\/en\\\/#website\",\"url\":\"https:\\\/\\\/www.on-dg.de\\\/en\\\/\",\"name\":\"ON.DG\",\"description\":\"\",\"publisher\":{\"@id\":\"https:\\\/\\\/www.on-dg.de\\\/en\\\/#organization\"},\"potentialAction\":[{\"@type\":\"SearchAction\",\"target\":{\"@type\":\"EntryPoint\",\"urlTemplate\":\"https:\\\/\\\/www.on-dg.de\\\/en\\\/?s={search_term_string}\"},\"query-input\":{\"@type\":\"PropertyValueSpecification\",\"valueRequired\":true,\"valueName\":\"search_term_string\"}}],\"inLanguage\":\"en-US\"},{\"@type\":\"Organization\",\"@id\":\"https:\\\/\\\/www.on-dg.de\\\/en\\\/#organization\",\"name\":\"ON.DG\",\"url\":\"https:\\\/\\\/www.on-dg.de\\\/en\\\/\",\"logo\":{\"@type\":\"ImageObject\",\"inLanguage\":\"en-US\",\"@id\":\"https:\\\/\\\/www.on-dg.de\\\/en\\\/#\\\/schema\\\/logo\\\/image\\\/\",\"url\":\"https:\\\/\\\/www.on-dg.de\\\/wp-content\\\/uploads\\\/2024\\\/02\\\/ON-Grafik_gruen_RGB.svg\",\"contentUrl\":\"https:\\\/\\\/www.on-dg.de\\\/wp-content\\\/uploads\\\/2024\\\/02\\\/ON-Grafik_gruen_RGB.svg\",\"width\":1,\"height\":1,\"caption\":\"ON.DG\"},\"image\":{\"@id\":\"https:\\\/\\\/www.on-dg.de\\\/en\\\/#\\\/schema\\\/logo\\\/image\\\/\"},\"sameAs\":[\"https:\\\/\\\/www.linkedin.com\\\/company\\\/on.developmentgroup\\\/\"]}]}<\/script>\n<!-- \/ Yoast SEO plugin. -->","yoast_head_json":{"title":"Impressum","description":"Wichtige Informationen zu unserer Website: Im Impressum findest du alle relevanten Angaben zu unserer Website.","robots":{"index":"index","follow":"follow","max-snippet":"max-snippet:-1","max-image-preview":"max-image-preview:large","max-video-preview":"max-video-preview:-1"},"canonical":"IMPRESSUM Hier findet Ihr alle Angaben im Impressum gem\u00e4\u00df \u00a7 5 DDG: ON.DevelopmentGroupMartina L\u00fcttringhausSudetenweg 13d50858 K\u00f6ln Kontakt:  49 (0) 221 45088072office[at]on-dg.dewww.on-dg.de Impressum: Umsatzsteuer-ID: Umsatzsteuer-Identifikationsnummer gem\u00e4\u00df \u00a727 a Umsatzsteuergesetz:DE241693198 \u00a0 Verantwortlich f\u00fcr den Inhalt nach \u00a7 55 Abs. 2 RStV:Martina L\u00fcttringhausSudetenweg 13d50858 K\u00f6ln Impressum: Bildnachweis:Online-akademie-shop: 171112041 \/\/ istock \/ von pixelfitOnline-akademie-icons: 910225066\/\/ istock \/ von LeylaynrKontakt:&hellip;","og_locale":"en_US","og_type":"article","og_title":"Impressum","og_description":"Wichtige Informationen zu unserer Website: Im Impressum findest du alle relevanten Angaben zu unserer Website.","og_url":"https:\/\/www.on-dg.de\/en\/impressum\/","og_site_name":"ON.DG","article_modified_time":"2026-03-11T09:44:12+00:00","twitter_card":"summary_large_image","twitter_misc":{"Est. reading time":"4 minutes"},"schema":{"@context":"https:\/\/schema.org","@graph":[{"@type":"WebPage","@id":"https:\/\/www.on-dg.de\/en\/impressum\/","url":"https:\/\/www.on-dg.de\/en\/impressum\/","name":"Impressum - ON.DG","isPartOf":{"@id":"https:\/\/www.on-dg.de\/#website"},"datePublished":"2023-10-06T07:40:13+00:00","dateModified":"2026-03-11T09:44:12+00:00","description":"Wichtige Informationen zu unserer Website: Im Impressum findest du alle relevanten Angaben zu unserer Website.","breadcrumb":{"@id":"https:\/\/www.on-dg.de\/en\/impressum\/#breadcrumb"},"inLanguage":"en-US","potentialAction":[{"@type":"ReadAction","target":["https:\/\/www.on-dg.de\/en\/impressum\/"]}]},{"@type":"BreadcrumbList","@id":"https:\/\/www.on-dg.de\/en\/impressum\/#breadcrumb","itemListElement":[{"@type":"ListItem","position":1,"name":"HOME","item":"https:\/\/www.on-dg.de\/"},{"@type":"ListItem","position":2,"name":"Impressum"}]},{"@type":"WebSite","@id":"https:\/\/www.on-dg.de\/en\/#website","url":"https:\/\/www.on-dg.de\/en\/","name":"ON.DG","description":"","publisher":{"@id":"https:\/\/www.on-dg.de\/en\/#organization"},"potentialAction":[{"@type":"SearchAction","target":{"@type":"EntryPoint","urlTemplate":"https:\/\/www.on-dg.de\/en\/?s={search_term_string}"},"query-input":{"@type":"PropertyValueSpecification","valueRequired":true,"valueName":"search_term_string"}}],"inLanguage":"en-US"},{"@type":"Organization","@id":"https:\/\/www.on-dg.de\/en\/#organization","name":"ON.DG","url":"https:\/\/www.on-dg.de\/en\/","logo":{"@type":"ImageObject","inLanguage":"en-US","@id":"https:\/\/www.on-dg.de\/en\/#\/schema\/logo\/image\/","url":"https:\/\/www.on-dg.de\/wp-content\/uploads\/2024\/02\/ON-Grafik_gruen_RGB.svg","contentUrl":"https:\/\/www.on-dg.de\/wp-content\/uploads\/2024\/02\/ON-Grafik_gruen_RGB.svg","width":1,"height":1,"caption":"ON.DG"},"image":{"@id":"https:\/\/www.on-dg.de\/en\/#\/schema\/logo\/image\/"},"sameAs":["https:\/\/www.linkedin.com\/company\/on.developmentgroup\/"]}]}},"_links":{"self":[{"href":"https:\/\/www.on-dg.de\/en\/wp-json\/wp\/v2\/pages\/620","targetHints":{"allow":["GET"]}}],"collection":[{"href":"https:\/\/www.on-dg.de\/en\/wp-json\/wp\/v2\/pages"}],"about":[{"href":"https:\/\/www.on-dg.de\/en\/wp-json\/wp\/v2\/types\/page"}],"author":[{"embeddable":true,"href":"https:\/\/www.on-dg.de\/en\/wp-json\/wp\/v2\/users\/3"}],"replies":[{"embeddable":true,"href":"https:\/\/www.on-dg.de\/en\/wp-json\/wp\/v2\/comments?post=620"}],"version-history":[{"count":16,"href":"https:\/\/www.on-dg.de\/en\/wp-json\/wp\/v2\/pages\/620\/revisions"}],"predecessor-version":[{"id":1882,"href":"https:\/\/www.on-dg.de\/en\/wp-json\/wp\/v2\/pages\/620\/revisions\/1882"}],"wp:attachment":[{"href":"https:\/\/www.on-dg.de\/en\/wp-json\/wp\/v2\/media?parent=620"}],"curies":[{"name":"wp","href":"https:\/\/api.w.org\/{rel}","templated":true}]}}