{"id":223,"date":"2023-10-02T10:46:57","date_gmt":"2023-10-02T10:46:57","guid":{"rendered":"https:\/\/www.on-dg.de\/?page_id=223"},"modified":"2023-10-18T13:30:41","modified_gmt":"2023-10-18T13:30:41","slug":"metime","status":"publish","type":"page","link":"https:\/\/www.on-dg.de\/en\/metime\/","title":{"rendered":"MeTime"},"content":{"rendered":"<div>\n<p><span>ME-TIME LEADERSHIP JOURNEY<\/span><\/p>\n<\/div>\n<h4>\n<p><span>UNSER HERZENSPROJEKT: <br \/>ME-TIME LEADERSHIP JOURNEY<\/span><\/p>\n<\/h4>\n<h1>\n<p><strong>Warum brauchst du eine absichtsvolle und auch regelm\u00e4\u00dfige Me-Time?<\/strong><\/p>\n<\/h1>\n<div>\n<p><strong>Weil dir niemand eine Kalendereinladung schickt, damit du:\u00a0<\/strong><\/p>\n<ul>\n<li>einfach nur nachdenken und reflektieren\u00a0kannst<\/li>\n<li>rauszoomst, um wieder klar sehen zu k\u00f6nnen, was wirklich wichtig ist (in deiner F\u00fchrungsrolle)\u00a0<\/li>\n<li>Dinge tust, die Freude, Leichtigkeit und Ausgleich in dein Leben bringen \u2013 f\u00fcr deinen K\u00f6rper und Geist\u00a0<\/li>\n<li>bedeutsame, tiefe Verbindungen zu Menschen aufbaust, die dir wirklich wichtig sind (dein Team, deine Familie und Freunde)\u00a0<\/li>\n<li>Zeit in der Natur verbringst und deine Energie wieder aufl\u00e4dst\u00a0<\/li>\n<\/ul>\n<\/div>\n<p><img decoding=\"async\" src=\"\/wp-content\/uploads\/2023\/10\/Logo-MeTIme.svg\" alt=\"\"><\/p>\n<div>\n<p>Dieses Angebot ist individuell f\u00fcr F\u00fchrungskr\u00e4fte, die sich mehr Leichtigkeit in ihrem Leben w\u00fcnschen, bereit sind, hinter eingefahrene Muster zu blicken und neue Perspektiven zu finden.<\/p>\n<\/div>\n<p>\n    <a href=\"https:\/\/leadersmetime.com\/de\/\">Erfahre mehr<\/a>\n<\/p>\n<p><!--more--><br \/>\n<!-- {\"type\":\"layout\",\"children\":[{\"type\":\"section\",\"props\":{\"css\":\".el-section {\\n position: relative;   \\n}\",\"height\":\"full\",\"image_position\":\"center-center\",\"padding_remove_top\":true,\"style\":\"default\",\"title_breakpoint\":\"xl\",\"title_position\":\"top-left\",\"title_rotation\":\"left\",\"vertical_align\":\"middle\",\"width\":\"\"},\"children\":[{\"type\":\"row\",\"props\":{\"column_gap\":\"collapse\",\"css\":\"ul:first-of-type li {\\n    list-style-image: url(\\\/wp-content\\\/uploads\\\/2023\\\/10\\\/Haekchen_gruen.svg);\\n}\\n\\nul:last-of-type li {\\n    list-style-image: url(\\\/wp-content\\\/uploads\\\/2023\\\/10\\\/Haekchen_gruen.svg);\\n}\\n\\nli::marker {\\n    font-size: 2em;\\n}\\n\\n.el-row {  \\n    box-shadow: 0 6px 8px 0 rgba(0, 0, 0, 0.2);\\n}\",\"layout\":\"1-5,1-5,3-5|1-2,1-2,1-1\",\"row_gap\":\"collapse\"},\"children\":[{\"type\":\"column\",\"props\":{\"css\":\".el-column {\\n    width: 50px !important;\\n    background-color:  #97b69c;\\n}\",\"image_position\":\"center-center\",\"position_sticky_breakpoint\":\"m\",\"width_medium\":\"1-5\",\"width_small\":\"1-2\"},\"children\":[{\"type\":\"text\",\"props\":{\"animation\":\"none\",\"column_breakpoint\":\"m\",\"content\":\"\n\n<p><span>ME-TIME LEADERSHIP JOURNEY<\\\/span><\\\/p>\",\"content_en_us\":\"\n\n<p><span>ONLINE LEADERSHIP ACADEMY<\\\/span><\\\/p>\",\"css\":\".el-element {\\n    transform-origin: 0 0;\\n  \\ttransform: rotate(270deg);\\n    top: calc(50vh + 270px\\\/2);\\n    text-align: center;\\n    position: absolute;\\n    padding: 15px;\\n    text-transform: uppercase;\\n    color: white;\\n    white-space: nowrap;\\n}\",\"margin\":\"default\"},\"name\":\"Seite Text: Online Leadership Akademie\"}]},{\"type\":\"column\",\"props\":{\"css\":\".el-column {   \\n    width: calc(40% - 50px);\\n}\\n\\n@media (max-width: 960px) {\\n    .el-column {   \\n    \\twidth: calc(100% - 50px);\\n    }\\n}\",\"image_position\":\"center-center\",\"padding\":\"large\",\"position_sticky_breakpoint\":\"m\",\"style\":\"tile-secondary\",\"vertical_align\":\"middle\",\"width_medium\":\"1-5\",\"width_small\":\"1-2\"},\"children\":[{\"type\":\"headline\",\"props\":{\"content\":\"\n\n<p><span>UNSER HERZENSPROJEKT: <br \\\/>ME-TIME LEADERSHIP JOURNEY<\\\/span><\\\/p>\",\"content_en_us\":\"<span data-contrast=\\\"auto\\\" xml:lang=\\\"EN-GB\\\" lang=\\\"EN-GB\\\" class=\\\"TextRun SCXW94735949 BCX9\\\"><span class=\\\"NormalTextRun SCXW94735949 BCX9\\\">OUR HEART PROJECT: <\\\/span><span class=\\\"NormalTextRun SpellingErrorV2Themed SCXW94735949 BCX9\\\"><br \/>METIME<\\\/span><span class=\\\"NormalTextRun SCXW94735949 BCX9\\\"> LEADERSHIP JOURNEY<\\\/span><\\\/span>\",\"maxwidth\":\"large\",\"text_align\":\"left\",\"title_element\":\"h4\",\"title_style\":\"h4\"}},{\"type\":\"headline\",\"props\":{\"content\":\"\n\n<p><strong>Warum brauchst du eine absichtsvolle und auch regelm\\u00e4\\u00dfige Me-Time?<\\\/strong><\\\/p>\",\"content_en_us\":\"<strong><span data-contrast=\\\"auto\\\" xml:lang=\\\"EN-GB\\\" lang=\\\"EN-GB\\\" class=\\\"TextRun SCXW2227176 BCX9\\\"><span class=\\\"NormalTextRun SCXW2227176 BCX9\\\">Why do you need an intentional <\\\/span><span class=\\\"NormalTextRun SCXW2227176 BCX9\\\">and<\\\/span><span class=\\\"NormalTextRun SCXW2227176 BCX9\\\"> regular me-time?\\u00a0<\\\/span><\\\/span><span class=\\\"EOP SCXW2227176 BCX9\\\" data-ccp-props=\\\"{&quot;201341983&quot;:0,&quot;335559739&quot;:0,&quot;335559740&quot;:276}\\\">\\u00a0<\\\/span><\\\/strong>\",\"text_align\":\"left\",\"title_element\":\"h1\",\"title_style\":\"h1\"}},{\"type\":\"text\",\"props\":{\"column_breakpoint\":\"m\",\"content\":\"\n\n<p><strong>Weil dir niemand eine Kalendereinladung schickt, damit du:\\u00a0<\\\/strong><\\\/p>\\n\n\n<ul>\\n\n\n<li>einfach nur nachdenken und reflektieren\\u00a0kannst<\\\/li>\\n\n\n<li>rauszoomst, um wieder klar sehen zu k\\u00f6nnen, was wirklich wichtig ist (in deiner F\\u00fchrungsrolle)\\u00a0<\\\/li>\\n\n\n<li>Dinge tust, die Freude, Leichtigkeit und Ausgleich in dein Leben bringen \\u2013 f\\u00fcr deinen K\\u00f6rper und Geist\\u00a0<\\\/li>\\n\n\n<li>bedeutsame, tiefe Verbindungen zu Menschen aufbaust, die dir wirklich wichtig sind (dein Team, deine Familie und Freunde)\\u00a0<\\\/li>\\n\n\n<li>Zeit in der Natur verbringst und deine Energie wieder aufl\\u00e4dst\\u00a0<\\\/li>\\n<\\\/ul>\",\"content_en_us\":\"\n\n<p><strong><span data-contrast=\\\"auto\\\" xml:lang=\\\"EN-GB\\\" lang=\\\"EN-GB\\\" class=\\\"TextRun SCXW162488944 BCX9\\\"><span class=\\\"NormalTextRun SCXW162488944 BCX9\\\">Because no one sends you a calendar invitation to:<\\\/span><\\\/span><\\\/strong><\\\/p>\\n\n\n<ul>\\n\n\n<li><span data-contrast=\\\"auto\\\" xml:lang=\\\"EN-GB\\\" lang=\\\"EN-GB\\\" class=\\\"TextRun SCXW193841345 BCX9\\\"><span class=\\\"NormalTextRun SCXW193841345 BCX9\\\">just think and <\\\/span><span class=\\\"NormalTextRun SCXW193841345 BCX9\\\">reflect<\\\/span><span class=\\\"NormalTextRun SCXW193841345 BCX9\\\">\\u00a0<\\\/span><\\\/span><span class=\\\"EOP SCXW193841345 BCX9\\\" data-ccp-props=\\\"{&quot;201341983&quot;:0,&quot;335559739&quot;:0,&quot;335559740&quot;:276}\\\">\\u00a0<\\\/span><\\\/li>\\n\n\n<li><span data-contrast=\\\"auto\\\" xml:lang=\\\"EN-GB\\\" lang=\\\"EN-GB\\\" class=\\\"TextRun SCXW210145096 BCX9\\\"><span class=\\\"NormalTextRun SCXW210145096 BCX9\\\">zoom out to <\\\/span><span class=\\\"NormalTextRun SCXW210145096 BCX9\\\">re-assess<\\\/span><span class=\\\"NormalTextRun SCXW210145096 BCX9\\\"> what is <\\\/span><span class=\\\"NormalTextRun AdvancedProofingIssueV2Themed SCXW210145096 BCX9\\\">really important<\\\/span><span class=\\\"NormalTextRun SCXW210145096 BCX9\\\"> (in your leadership role)\\u00a0<\\\/span><\\\/span><span class=\\\"EOP SCXW210145096 BCX9\\\" data-ccp-props=\\\"{&quot;201341983&quot;:0,&quot;335559739&quot;:0,&quot;335559740&quot;:276}\\\">\\u00a0<\\\/span><\\\/li>\\n\n\n<li><span data-contrast=\\\"auto\\\" xml:lang=\\\"EN-GB\\\" lang=\\\"EN-GB\\\" class=\\\"TextRun SCXW5479518 BCX9\\\"><span class=\\\"NormalTextRun SCXW5479518 BCX9\\\">Do things that bring joy, <\\\/span><span class=\\\"NormalTextRun SCXW5479518 BCX9\\\">ease<\\\/span><span class=\\\"NormalTextRun SCXW5479518 BCX9\\\"> and balance to your life - for your body and <\\\/span><span class=\\\"NormalTextRun SCXW5479518 BCX9\\\">mind<\\\/span><span class=\\\"NormalTextRun SCXW5479518 BCX9\\\">\\u00a0<\\\/span><\\\/span><span class=\\\"EOP SCXW5479518 BCX9\\\" data-ccp-props=\\\"{&quot;201341983&quot;:0,&quot;335559739&quot;:0,&quot;335559740&quot;:276}\\\">\\u00a0<\\\/span><\\\/li>\\n\n\n<li><span data-contrast=\\\"auto\\\" xml:lang=\\\"EN-GB\\\" lang=\\\"EN-GB\\\" class=\\\"TextRun SCXW10953223 BCX9\\\"><span class=\\\"NormalTextRun SCXW10953223 BCX9\\\">Build meaningful, deep connections with people who really matter to you (your team, <\\\/span><span class=\\\"NormalTextRun SCXW10953223 BCX9\\\">family<\\\/span><span class=\\\"NormalTextRun SCXW10953223 BCX9\\\"> and friends)\\u00a0<\\\/span><\\\/span><span class=\\\"EOP SCXW10953223 BCX9\\\" data-ccp-props=\\\"{&quot;201341983&quot;:0,&quot;335559739&quot;:0,&quot;335559740&quot;:276}\\\">\\u00a0<\\\/span><\\\/li>\\n\n\n<li><span data-contrast=\\\"auto\\\" xml:lang=\\\"EN-GB\\\" lang=\\\"EN-GB\\\" class=\\\"TextRun SCXW87020244 BCX9\\\"><span class=\\\"NormalTextRun SCXW87020244 BCX9\\\">Spending time in nature and recharging your <\\\/span><span class=\\\"NormalTextRun SCXW87020244 BCX9\\\">energy<\\\/span><\\\/span><span class=\\\"EOP SCXW87020244 BCX9\\\" data-ccp-props=\\\"{&quot;201341983&quot;:0,&quot;335559739&quot;:0,&quot;335559740&quot;:276}\\\">\\u00a0<\\\/span><\\\/li>\\n<\\\/ul>\",\"margin\":\"default\"}}]},{\"type\":\"column\",\"props\":{\"css\":\"@media only screen and (max-width: 640px) {\\n    .el-column {\\n      min-height: 200px;   \\n    }\\n}\\n\\n@media only screen and (min-width: 640px) {\\n    .el-column {\\n      min-height: 400px;   \\n    }\\n}\",\"image\":\"wp-content\\\/uploads\\\/2023\\\/10\\\/Design-ohne-Titel-1.png\",\"image_position\":\"center-center\",\"image_size\":\"cover\",\"position_sticky_breakpoint\":\"m\",\"width_medium\":\"3-5\",\"width_small\":\"1-1\"}}]},{\"type\":\"row\",\"props\":{\"column_gap\":\"collapse\",\"css\":\".el-row {  \\n    box-shadow: 0 6px 8px 0 rgba(0, 0, 0, 0.2);\\n}\",\"layout\":\"2-5,3-5\",\"margin_remove_top\":false,\"row_gap\":\"collapse\"},\"children\":[{\"type\":\"column\",\"props\":{\"css\":\"@media only screen and (max-width: 640px) {\\n    .el-column {\\n      min-height: 200px;   \\n    }\\n}\\n\\n@media only screen and (min-width: 640px) {\\n    .el-column {\\n      min-height: 400px;   \\n    }\\n}\",\"image\":\"wp-content\\\/uploads\\\/2023\\\/10\\\/Hanna-Witte-39-scaled.jpg\",\"image_position\":\"center-center\",\"image_size\":\"cover\",\"order_first\":\"l\",\"padding\":\"large\",\"position_sticky_breakpoint\":\"m\",\"style\":\"tile-secondary\",\"vertical_align\":\"middle\",\"width_medium\":\"2-5\"}},{\"type\":\"column\",\"props\":{\"image_focal_point\":\"center-left\",\"image_position\":\"center-center\",\"image_size\":\"cover\",\"order_first\":\"xs\",\"padding\":\"large\",\"position_sticky_breakpoint\":\"m\",\"style\":\"tile-secondary\",\"width_medium\":\"3-5\"},\"children\":[{\"type\":\"image\",\"props\":{\"image\":\"wp-content\\\/uploads\\\/2023\\\/10\\\/Logo-MeTIme.svg\",\"image_height\":\"150\",\"image_svg_color\":\"emphasis\",\"margin\":\"default\",\"text_align\":\"left\"}},{\"type\":\"text\",\"props\":{\"column_breakpoint\":\"m\",\"content\":\"\n\n<p>Dieses Angebot ist individuell f\\u00fcr F\\u00fchrungskr\\u00e4fte, die sich mehr Leichtigkeit in ihrem Leben w\\u00fcnschen, bereit sind, hinter eingefahrene Muster zu blicken und neue Perspektiven zu finden.<\\\/p>\",\"content_en_us\":\"\n\n<p>This offer is individually for leaders who desire to experience more ease in their life, who are ready to explore conditioning and its impact to find new and true perspectives for their work and life.<\\\/p>\",\"margin\":\"default\"}},{\"type\":\"button\",\"props\":{\"grid_column_gap\":\"small\",\"grid_row_gap\":\"small\",\"margin\":\"default\"},\"children\":[{\"type\":\"button_item\",\"props\":{\"button_style\":\"default\",\"content\":\"Erfahre mehr\",\"content_en_us\":\"Learn more\",\"icon_align\":\"left\",\"link\":\"https:\\\/\\\/leadersmetime.com\\\/de\\\/\",\"link_en_us\":\"https:\\\/\\\/leadersmetime.com\\\/\"}}]}]}]}],\"name\":\"MeTime\"}],\"version\":\"4.1.3\"} --><\/p>\n","protected":false},"excerpt":{"rendered":"<p>ME-TIME LEADERSHIP JOURNEY UNSER HERZENSPROJEKT: ME-TIME LEADERSHIP JOURNEY Warum brauchst du eine absichtsvolle und auch regelm\u00e4\u00dfige Me-Time? Weil dir niemand eine Kalendereinladung schickt, damit du:\u00a0 einfach nur nachdenken und reflektieren\u00a0kannst rauszoomst, um wieder klar sehen zu k\u00f6nnen, was wirklich wichtig ist (in deiner F\u00fchrungsrolle)\u00a0 Dinge tust, die Freude, Leichtigkeit und Ausgleich in dein Leben bringen [&hellip;]<\/p>\n","protected":false},"author":3,"featured_media":232,"parent":0,"menu_order":0,"comment_status":"closed","ping_status":"closed","template":"","meta":{"footnotes":""},"class_list":["post-223","page","type-page","status-publish","has-post-thumbnail","hentry"],"yoast_head":"<!-- This site is optimized with the Yoast SEO plugin v27.3 - https:\/\/yoast.com\/product\/yoast-seo-wordpress\/ -->\n<title>MeTime<\/title>\n<meta name=\"description\" content=\"Unser Herzensprojekt: MeTime Leadership Journey. Integriere mehr Leichtigkeit in Dein Leben und erlange neue Perspektiven.\" \/>\n<meta name=\"robots\" content=\"index, follow, max-snippet:-1, max-image-preview:large, max-video-preview:-1\" \/>\n<link rel=\"canonical\" href=\"\" \/>\n<meta property=\"og:locale\" content=\"en_US\" \/>\n<meta property=\"og:type\" content=\"article\" \/>\n<meta property=\"og:title\" content=\"MeTime\" \/>\n<meta property=\"og:description\" content=\"Unser Herzensprojekt: MeTime Leadership Journey. Integriere mehr Leichtigkeit in Dein Leben und erlange neue Perspektiven.\" \/>\n<meta property=\"og:url\" content=\"https:\/\/www.on-dg.de\/en\/metime\/\" \/>\n<meta property=\"og:site_name\" content=\"ON.DG\" \/>\n<meta property=\"article:modified_time\" content=\"2023-10-18T13:30:41+00:00\" \/>\n<meta property=\"og:image\" content=\"https:\/\/www.on-dg.de\/wp-content\/uploads\/2023\/10\/Hanna-Witte-29-scaled-e1697446946506.jpg\" \/>\n\t<meta property=\"og:image:width\" content=\"2304\" \/>\n\t<meta property=\"og:image:height\" content=\"1706\" \/>\n\t<meta property=\"og:image:type\" content=\"image\/jpeg\" \/>\n<meta name=\"twitter:card\" content=\"summary_large_image\" \/>\n<meta name=\"twitter:label1\" content=\"Est. reading time\" \/>\n\t<meta name=\"twitter:data1\" content=\"1 minute\" \/>\n<script type=\"application\/ld+json\" class=\"yoast-schema-graph\">{\"@context\":\"https:\\\/\\\/schema.org\",\"@graph\":[{\"@type\":\"WebPage\",\"@id\":\"https:\\\/\\\/www.on-dg.de\\\/en\\\/metime\\\/\",\"url\":\"https:\\\/\\\/www.on-dg.de\\\/en\\\/metime\\\/\",\"name\":\"MeTime - ON.DG\",\"isPartOf\":{\"@id\":\"https:\\\/\\\/www.on-dg.de\\\/#website\"},\"primaryImageOfPage\":{\"@id\":\"https:\\\/\\\/www.on-dg.de\\\/en\\\/metime\\\/#primaryimage\"},\"image\":{\"@id\":\"https:\\\/\\\/www.on-dg.de\\\/en\\\/metime\\\/#primaryimage\"},\"thumbnailUrl\":\"https:\\\/\\\/www.on-dg.de\\\/wp-content\\\/uploads\\\/2023\\\/10\\\/Hanna-Witte-29-scaled-e1697446946506.jpg\",\"datePublished\":\"2023-10-02T10:46:57+00:00\",\"dateModified\":\"2023-10-18T13:30:41+00:00\",\"description\":\"Unser Herzensprojekt: MeTime Leadership Journey. Integriere mehr Leichtigkeit in Dein Leben und erlange neue Perspektiven.\",\"breadcrumb\":{\"@id\":\"https:\\\/\\\/www.on-dg.de\\\/en\\\/metime\\\/#breadcrumb\"},\"inLanguage\":\"en-US\",\"potentialAction\":[{\"@type\":\"ReadAction\",\"target\":[\"https:\\\/\\\/www.on-dg.de\\\/en\\\/metime\\\/\"]}]},{\"@type\":\"ImageObject\",\"inLanguage\":\"en-US\",\"@id\":\"https:\\\/\\\/www.on-dg.de\\\/en\\\/metime\\\/#primaryimage\",\"url\":\"https:\\\/\\\/www.on-dg.de\\\/wp-content\\\/uploads\\\/2023\\\/10\\\/Hanna-Witte-29-scaled-e1697446946506.jpg\",\"contentUrl\":\"https:\\\/\\\/www.on-dg.de\\\/wp-content\\\/uploads\\\/2023\\\/10\\\/Hanna-Witte-29-scaled-e1697446946506.jpg\",\"width\":2304,\"height\":1706,\"caption\":\"MeTime-Leadership-journey\"},{\"@type\":\"BreadcrumbList\",\"@id\":\"https:\\\/\\\/www.on-dg.de\\\/en\\\/metime\\\/#breadcrumb\",\"itemListElement\":[{\"@type\":\"ListItem\",\"position\":1,\"name\":\"HOME\",\"item\":\"https:\\\/\\\/www.on-dg.de\\\/\"},{\"@type\":\"ListItem\",\"position\":2,\"name\":\"MeTime\"}]},{\"@type\":\"WebSite\",\"@id\":\"https:\\\/\\\/www.on-dg.de\\\/en\\\/#website\",\"url\":\"https:\\\/\\\/www.on-dg.de\\\/en\\\/\",\"name\":\"ON.DG\",\"description\":\"\",\"publisher\":{\"@id\":\"https:\\\/\\\/www.on-dg.de\\\/en\\\/#organization\"},\"potentialAction\":[{\"@type\":\"SearchAction\",\"target\":{\"@type\":\"EntryPoint\",\"urlTemplate\":\"https:\\\/\\\/www.on-dg.de\\\/en\\\/?s={search_term_string}\"},\"query-input\":{\"@type\":\"PropertyValueSpecification\",\"valueRequired\":true,\"valueName\":\"search_term_string\"}}],\"inLanguage\":\"en-US\"},{\"@type\":\"Organization\",\"@id\":\"https:\\\/\\\/www.on-dg.de\\\/en\\\/#organization\",\"name\":\"ON.DG\",\"url\":\"https:\\\/\\\/www.on-dg.de\\\/en\\\/\",\"logo\":{\"@type\":\"ImageObject\",\"inLanguage\":\"en-US\",\"@id\":\"https:\\\/\\\/www.on-dg.de\\\/en\\\/#\\\/schema\\\/logo\\\/image\\\/\",\"url\":\"https:\\\/\\\/www.on-dg.de\\\/wp-content\\\/uploads\\\/2024\\\/02\\\/ON-Grafik_gruen_RGB.svg\",\"contentUrl\":\"https:\\\/\\\/www.on-dg.de\\\/wp-content\\\/uploads\\\/2024\\\/02\\\/ON-Grafik_gruen_RGB.svg\",\"width\":1,\"height\":1,\"caption\":\"ON.DG\"},\"image\":{\"@id\":\"https:\\\/\\\/www.on-dg.de\\\/en\\\/#\\\/schema\\\/logo\\\/image\\\/\"},\"sameAs\":[\"https:\\\/\\\/www.linkedin.com\\\/company\\\/on.developmentgroup\\\/\"]}]}<\/script>\n<!-- \/ Yoast SEO plugin. -->","yoast_head_json":{"title":"MeTime","description":"Unser Herzensprojekt: MeTime Leadership Journey. Integriere mehr Leichtigkeit in Dein Leben und erlange neue Perspektiven.","robots":{"index":"index","follow":"follow","max-snippet":"max-snippet:-1","max-image-preview":"max-image-preview:large","max-video-preview":"max-video-preview:-1"},"canonical":"ME-TIME LEADERSHIP JOURNEY UNSER HERZENSPROJEKT: ME-TIME LEADERSHIP JOURNEY Warum brauchst du eine absichtsvolle und auch regelm\u00e4\u00dfige Me-Time? Weil dir niemand eine Kalendereinladung schickt, damit du:\u00a0 einfach nur nachdenken und reflektieren\u00a0kannst rauszoomst, um wieder klar sehen zu k\u00f6nnen, was wirklich wichtig ist (in deiner F\u00fchrungsrolle)\u00a0 Dinge tust, die Freude, Leichtigkeit und Ausgleich in dein Leben bringen&hellip;","og_locale":"en_US","og_type":"article","og_title":"MeTime","og_description":"Unser Herzensprojekt: MeTime Leadership Journey. Integriere mehr Leichtigkeit in Dein Leben und erlange neue Perspektiven.","og_url":"https:\/\/www.on-dg.de\/en\/metime\/","og_site_name":"ON.DG","article_modified_time":"2023-10-18T13:30:41+00:00","og_image":[{"width":2304,"height":1706,"url":"https:\/\/www.on-dg.de\/wp-content\/uploads\/2023\/10\/Hanna-Witte-29-scaled-e1697446946506.jpg","type":"image\/jpeg"}],"twitter_card":"summary_large_image","twitter_misc":{"Est. reading time":"1 minute"},"schema":{"@context":"https:\/\/schema.org","@graph":[{"@type":"WebPage","@id":"https:\/\/www.on-dg.de\/en\/metime\/","url":"https:\/\/www.on-dg.de\/en\/metime\/","name":"MeTime - ON.DG","isPartOf":{"@id":"https:\/\/www.on-dg.de\/#website"},"primaryImageOfPage":{"@id":"https:\/\/www.on-dg.de\/en\/metime\/#primaryimage"},"image":{"@id":"https:\/\/www.on-dg.de\/en\/metime\/#primaryimage"},"thumbnailUrl":"https:\/\/www.on-dg.de\/wp-content\/uploads\/2023\/10\/Hanna-Witte-29-scaled-e1697446946506.jpg","datePublished":"2023-10-02T10:46:57+00:00","dateModified":"2023-10-18T13:30:41+00:00","description":"Unser Herzensprojekt: MeTime Leadership Journey. Integriere mehr Leichtigkeit in Dein Leben und erlange neue Perspektiven.","breadcrumb":{"@id":"https:\/\/www.on-dg.de\/en\/metime\/#breadcrumb"},"inLanguage":"en-US","potentialAction":[{"@type":"ReadAction","target":["https:\/\/www.on-dg.de\/en\/metime\/"]}]},{"@type":"ImageObject","inLanguage":"en-US","@id":"https:\/\/www.on-dg.de\/en\/metime\/#primaryimage","url":"https:\/\/www.on-dg.de\/wp-content\/uploads\/2023\/10\/Hanna-Witte-29-scaled-e1697446946506.jpg","contentUrl":"https:\/\/www.on-dg.de\/wp-content\/uploads\/2023\/10\/Hanna-Witte-29-scaled-e1697446946506.jpg","width":2304,"height":1706,"caption":"MeTime-Leadership-journey"},{"@type":"BreadcrumbList","@id":"https:\/\/www.on-dg.de\/en\/metime\/#breadcrumb","itemListElement":[{"@type":"ListItem","position":1,"name":"HOME","item":"https:\/\/www.on-dg.de\/"},{"@type":"ListItem","position":2,"name":"MeTime"}]},{"@type":"WebSite","@id":"https:\/\/www.on-dg.de\/en\/#website","url":"https:\/\/www.on-dg.de\/en\/","name":"ON.DG","description":"","publisher":{"@id":"https:\/\/www.on-dg.de\/en\/#organization"},"potentialAction":[{"@type":"SearchAction","target":{"@type":"EntryPoint","urlTemplate":"https:\/\/www.on-dg.de\/en\/?s={search_term_string}"},"query-input":{"@type":"PropertyValueSpecification","valueRequired":true,"valueName":"search_term_string"}}],"inLanguage":"en-US"},{"@type":"Organization","@id":"https:\/\/www.on-dg.de\/en\/#organization","name":"ON.DG","url":"https:\/\/www.on-dg.de\/en\/","logo":{"@type":"ImageObject","inLanguage":"en-US","@id":"https:\/\/www.on-dg.de\/en\/#\/schema\/logo\/image\/","url":"https:\/\/www.on-dg.de\/wp-content\/uploads\/2024\/02\/ON-Grafik_gruen_RGB.svg","contentUrl":"https:\/\/www.on-dg.de\/wp-content\/uploads\/2024\/02\/ON-Grafik_gruen_RGB.svg","width":1,"height":1,"caption":"ON.DG"},"image":{"@id":"https:\/\/www.on-dg.de\/en\/#\/schema\/logo\/image\/"},"sameAs":["https:\/\/www.linkedin.com\/company\/on.developmentgroup\/"]}]}},"_links":{"self":[{"href":"https:\/\/www.on-dg.de\/en\/wp-json\/wp\/v2\/pages\/223","targetHints":{"allow":["GET"]}}],"collection":[{"href":"https:\/\/www.on-dg.de\/en\/wp-json\/wp\/v2\/pages"}],"about":[{"href":"https:\/\/www.on-dg.de\/en\/wp-json\/wp\/v2\/types\/page"}],"author":[{"embeddable":true,"href":"https:\/\/www.on-dg.de\/en\/wp-json\/wp\/v2\/users\/3"}],"replies":[{"embeddable":true,"href":"https:\/\/www.on-dg.de\/en\/wp-json\/wp\/v2\/comments?post=223"}],"version-history":[{"count":61,"href":"https:\/\/www.on-dg.de\/en\/wp-json\/wp\/v2\/pages\/223\/revisions"}],"predecessor-version":[{"id":1100,"href":"https:\/\/www.on-dg.de\/en\/wp-json\/wp\/v2\/pages\/223\/revisions\/1100"}],"wp:featuredmedia":[{"embeddable":true,"href":"https:\/\/www.on-dg.de\/en\/wp-json\/wp\/v2\/media\/232"}],"wp:attachment":[{"href":"https:\/\/www.on-dg.de\/en\/wp-json\/wp\/v2\/media?parent=223"}],"curies":[{"name":"wp","href":"https:\/\/api.w.org\/{rel}","templated":true}]}}